{"id":1859,"date":"2024-06-22T17:08:05","date_gmt":"2024-06-22T15:08:05","guid":{"rendered":"https:\/\/www.dykaren12.se\/?page_id=1859"},"modified":"2024-06-22T17:11:32","modified_gmt":"2024-06-22T15:11:32","slug":"fastigheten","status":"publish","type":"page","link":"https:\/\/www.dykaren12.se\/?page_id=1859","title":{"rendered":"Om Fastigheten"},"content":{"rendered":"\n<p><strong>Kort historik<\/strong><br>Huset byggdes mellan 1911\u20131918 och ritades av arkitekt Sam Kjellberg. Ombyggnad har skett vid flera tillf\u00e4llen: 1927, 1934 och 1936. Byggf\u00f6retaget Bygg-Oleba (Anders Di\u00f6s) k\u00f6pte huset 1982 f\u00f6r att g\u00f6ra 40 moderna l\u00e4genheter av 74 gamla. En helrenovering \u00e4gde rum 1982\u20131983 och BRF Dykaren 12 bildades d\u00e5. N\u00e5gra \u00e5r senare byggdes vindarna om till vindsl\u00e4genheter.<\/p>\n","protected":false},"excerpt":{"rendered":"<p>Kort historikHuset byggdes mellan 1911\u20131918 och ritades av arkitekt Sam Kjellberg. Ombyggnad har skett vid flera tillf\u00e4llen: 1927, 1934 och 1936. Byggf\u00f6retaget Bygg-Oleba (Anders Di\u00f6s) k\u00f6pte huset 1982 f\u00f6r att g\u00f6ra 40 moderna l\u00e4genheter av 74 gamla. En helrenovering \u00e4gde rum 1982\u20131983 och BRF Dykaren 12 bildades d\u00e5. N\u00e5gra \u00e5r senare byggdes vindarna om till\u2026 <span class=\"read-more\"><a href=\"https:\/\/www.dykaren12.se\/?page_id=1859\">L\u00e4s mer &raquo;<\/a><\/span><\/p>\n","protected":false},"author":4,"featured_media":0,"parent":0,"menu_order":0,"comment_status":"closed","ping_status":"closed","template":"page-templates\/full-width.php","meta":{"footnotes":""},"_links":{"self":[{"href":"https:\/\/www.dykaren12.se\/index.php?rest_route=\/wp\/v2\/pages\/1859"}],"collection":[{"href":"https:\/\/www.dykaren12.se\/index.php?rest_route=\/wp\/v2\/pages"}],"about":[{"href":"https:\/\/www.dykaren12.se\/index.php?rest_route=\/wp\/v2\/types\/page"}],"author":[{"embeddable":true,"href":"https:\/\/www.dykaren12.se\/index.php?rest_route=\/wp\/v2\/users\/4"}],"replies":[{"embeddable":true,"href":"https:\/\/www.dykaren12.se\/index.php?rest_route=%2Fwp%2Fv2%2Fcomments&post=1859"}],"version-history":[{"count":3,"href":"https:\/\/www.dykaren12.se\/index.php?rest_route=\/wp\/v2\/pages\/1859\/revisions"}],"predecessor-version":[{"id":1864,"href":"https:\/\/www.dykaren12.se\/index.php?rest_route=\/wp\/v2\/pages\/1859\/revisions\/1864"}],"wp:attachment":[{"href":"https:\/\/www.dykaren12.se\/index.php?rest_route=%2Fwp%2Fv2%2Fmedia&parent=1859"}],"curies":[{"name":"wp","href":"https:\/\/api.w.org\/{rel}","templated":true}]}}